{"id":18328,"date":"2018-07-25T15:20:44","date_gmt":"2018-07-25T15:20:44","guid":{"rendered":"http:\/\/metoliva.com\/airport-shuttle\/"},"modified":"2021-10-06T14:10:29","modified_gmt":"2021-10-06T13:10:29","slug":"airport-shuttle","status":"publish","type":"page","link":"https:\/\/metoliva.com\/en\/airport-shuttle\/","title":{"rendered":"AIRPORT SHUTTLE"},"content":{"rendered":"<p>          <div id=\"cmsmasters_row_uo6nk2ofva\" class=\"cmsmasters_row cmsmasters_color_scheme_default cmsmasters_row_top_default cmsmasters_row_bot_default cmsmasters_row_boxed\">\n<div class=\"cmsmasters_row_outer_parent\">\n<div class=\"cmsmasters_row_outer\">\n<div class=\"cmsmasters_row_inner\">\n<div class=\"cmsmasters_row_margin\">\n<br \/>\n            <div id=\"cmsmasters_column_35rk5fhf1\" class=\"cmsmasters_column one_first\">\n<div class=\"cmsmasters_column_inner\"><div class=\"cmsmasters_text\">\n<h3>\n                  <b>PLEASE NOTE THAT THIS TRANSFER REQUEST IS SUBJECT TO CONFIRMATION.<\/b><br \/>\n                <\/h3>\n<h3>We will contact you shortly with further information.<\/h3>\n<\/div>\n<\/div><\/div>\n<br \/>\n          <\/div>\n<\/div>\n<\/div>\n<\/div>\n<\/div>\n<br \/>\n          <div id=\"cmsmasters_row_rgirca2xv\" class=\"cmsmasters_row cmsmasters_color_scheme_default cmsmasters_row_top_default cmsmasters_row_bot_default cmsmasters_row_boxed\">\n<div class=\"cmsmasters_row_outer_parent\">\n<div class=\"cmsmasters_row_outer\">\n<div class=\"cmsmasters_row_inner\">\n<div class=\"cmsmasters_row_margin\">\n<br \/>\n            <div id=\"cmsmasters_column_y2nz85i41g\" class=\"cmsmasters_column one_first\">\n<div class=\"cmsmasters_column_inner\">\n<div class=\"frm_forms  with_frm_style frm_style_estilos-formidable\" id=\"frm_form_3_container\" data-token=\"437f8dcb7abd63562bdb983cec998330\">\n<form enctype=\"multipart\/form-data\" method=\"post\" class=\"frm-show-form  frm_js_validate  frm_ajax_submit  frm_pro_form \" id=\"form_airportshuttle\" data-token=\"437f8dcb7abd63562bdb983cec998330\">\n<div class=\"frm_form_fields \">\n<fieldset>\n<legend class=\"frm_screen_reader\">AIRPORT SHUTTLE<\/legend>\r\n\r\n<div class=\"frm_fields_container\">\n<input type=\"hidden\" name=\"frm_action\" value=\"create\" \/>\n<input type=\"hidden\" name=\"form_id\" value=\"3\" \/>\n<input type=\"hidden\" name=\"frm_hide_fields_3\" id=\"frm_hide_fields_3\" value=\"\" \/>\n<input type=\"hidden\" name=\"form_key\" value=\"airportshuttle\" \/>\n<input type=\"hidden\" name=\"item_meta[0]\" value=\"\" \/>\n<input type=\"hidden\" id=\"frm_submit_entry_3\" name=\"frm_submit_entry_3\" value=\"0e31835972\" \/><input type=\"hidden\" name=\"_wp_http_referer\" value=\"\/en\/wp-json\/wp\/v2\/pages\/18328\" \/><div id=\"frm_field_11_container\" class=\"frm_form_field form-field  frm_required_field frm_top_container frm12 frm_first\">\r\n    <label for=\"field_sptm5\" id=\"field_sptm5_label\" class=\"frm_primary_label\">NAME, SURNAME (REQUIRED)\r\n        <span class=\"frm_required\" aria-hidden=\"true\">*<\/span>\r\n    <\/label>\r\n    <input  type=\"text\" id=\"field_sptm5\" name=\"item_meta[11]\" value=\"\"  data-reqmsg=\"NAME, SURNAME (REQUIRED) cannot be blank.\" aria-required=\"true\" data-invmsg=\"Texto no es v\u00e1lido\" aria-invalid=\"false\"   \/>\r\n    \r\n    \r\n<\/div>\n<div id=\"frm_field_12_container\" class=\"frm_form_field form-field  frm_required_field frm_top_container\">\r\n    <label for=\"field_gnuwg\" id=\"field_gnuwg_label\" class=\"frm_primary_label\">MOBIL PHONE (REQUIRED)\r\n        <span class=\"frm_required\" aria-hidden=\"true\">*<\/span>\r\n    <\/label>\r\n    <input type=\"tel\" id=\"field_gnuwg\" name=\"item_meta[12]\" value=\"\"  data-reqmsg=\"MOBIL PHONE (REQUIRED) cannot be blank.\" aria-required=\"true\" data-invmsg=\"Tel\u00e9fono no es v\u00e1lido\" aria-invalid=\"false\" pattern=\"((\\+\\d{1,3}(-|.| )?\\(?\\d\\)?(-| |.)?\\d{1,5})|(\\(?\\d{2,6}\\)?))(-|.| )?(\\d{3,4})(-|.| )?(\\d{4})(( x| ext)\\d{1,5}){0,1}$\"  \/>\r\n    \r\n    \r\n<\/div>\n<div id=\"frm_field_13_container\" class=\"frm_form_field form-field  frm_required_field frm_top_container\">\r\n    <label for=\"field_px9ar\" id=\"field_px9ar_label\" class=\"frm_primary_label\">E-MAIL (REQUIRED)\r\n        <span class=\"frm_required\" aria-hidden=\"true\">*<\/span>\r\n    <\/label>\r\n    <input type=\"email\" id=\"field_px9ar\" name=\"item_meta[13]\" value=\"\"  data-reqmsg=\"E-MAIL (REQUIRED) cannot be blank.\" aria-required=\"true\" data-invmsg=\"Correo electr\u00f3nico no es v\u00e1lido\" aria-invalid=\"false\"  \/>\r\n    \r\n    \r\n<\/div>\n<div id=\"frm_field_14_container\" class=\"frm_form_field form-field  frm_required_field frm_top_container\">\r\n    <label for=\"field_a8iw4\" id=\"field_a8iw4_label\" class=\"frm_primary_label\">TRANSFER REQUESTED FOR (REQUIRED)\r\n        <span class=\"frm_required\" aria-hidden=\"true\">*<\/span>\r\n    <\/label>\r\n    <input type=\"text\" id=\"field_a8iw4\" name=\"item_meta[14]\" value=\"\"  maxlength=\"10\" data-reqmsg=\"TRANSFER REQUESTED FOR (REQUIRED) cannot be blank.\" aria-required=\"true\" data-invmsg=\"Fecha no es v\u00e1lido\" class=\"frm_date\" aria-invalid=\"false\"  \/>\r\n    \r\n    \r\n<\/div>\n<div id=\"frm_field_15_container\" class=\"frm_form_field form-field  frm_required_field frm_top_container frm6 frm_first\">\r\n    <label for=\"field_yhzp2\" id=\"field_yhzp2_label\" class=\"frm_primary_label\">FROM (REQUIRED)\r\n        <span class=\"frm_required\" aria-hidden=\"true\">*<\/span>\r\n    <\/label>\r\n    \t\t<select name=\"item_meta[15]\" id=\"field_yhzp2\"  data-reqmsg=\"FROM (REQUIRED) cannot be blank.\" aria-required=\"true\" data-invmsg=\"FROM (REQUIRED) is invalid\" aria-invalid=\"false\"  >\n\t\t<option  value=\"\" selected='selected'> <\/option><option  value=\"VALENCIA\">VALENCIA<\/option><option  value=\"ALICANTE\">ALICANTE<\/option><option  value=\"OLIVA NOVA HOTEL\">OLIVA NOVA HOTEL<\/option><option  value=\"OLIVA NOVA LAS DUNAS RECEPTION\">OLIVA NOVA LAS DUNAS RECEPTION<\/option><option  value=\"MET SHOWGROUND\">MET SHOWGROUND<\/option>\t<\/select>\n\t\r\n    \r\n    \r\n<\/div>\n<div id=\"frm_field_16_container\" class=\"frm_form_field form-field  frm_required_field frm_top_container frm6\">\r\n    <label for=\"field_fbzgd\" id=\"field_fbzgd_label\" class=\"frm_primary_label\">TO (REQUIRED)\r\n        <span class=\"frm_required\" aria-hidden=\"true\">*<\/span>\r\n    <\/label>\r\n    \t\t<select name=\"item_meta[16]\" id=\"field_fbzgd\"  data-reqmsg=\"TO (REQUIRED) cannot be blank.\" aria-required=\"true\" data-invmsg=\"TO (REQUIRED) is invalid\" aria-invalid=\"false\"  >\n\t\t<option  value=\"\" selected='selected'> <\/option><option  value=\"VALENCIA\">VALENCIA<\/option><option  value=\"ALICANTE\">ALICANTE<\/option><option  value=\"OLIVA NOVA HOTEL\">OLIVA NOVA HOTEL<\/option><option  value=\"OLIVA NOVA LAS DUNAS RECEPTION\">OLIVA NOVA LAS DUNAS RECEPTION<\/option><option  value=\"MET SHOWGROUND\">MET SHOWGROUND<\/option>\t<\/select>\n\t\r\n    \r\n    \r\n<\/div>\n<div id=\"frm_field_17_container\" class=\"frm_form_field form-field  frm_required_field frm_top_container\">\r\n    <div  id=\"field_46n2u_label\" class=\"frm_primary_label\">TIME OF ARRIVAL-DEPARTURE (REQUIRED)\r\n        <span class=\"frm_required\" aria-hidden=\"true\">*<\/span>\r\n    <\/div>\r\n    <div class=\"frm_time_wrap\"><span dir=\"ltr\">\r\n<select aria-label=\"TIME OF ARRIVAL-DEPARTURE (REQUIRED) ... hour\" name=\"item_meta[17][H]\" id=\"field_46n2u_H\"  data-frmval=\"{&quot;H&quot;:&quot;&quot;,&quot;m&quot;:&quot;&quot;,&quot;A&quot;:&quot;&quot;,&quot;s&quot;:&quot;&quot;,&quot;ms&quot;:&quot;&quot;}\" data-reqmsg=\"TIME OF ARRIVAL-DEPARTURE (REQUIRED) no puede estar en blanco.\" aria-required=\"true\" data-invmsg=\"Hora no es v\u00e1lido\" class=\"auto_width frm_time_select auto_width\" aria-invalid=\"false\"  ><option value=\"\"  selected='selected'><\/option><option value=\"12\" >12<\/option><option value=\"1\" >1<\/option><option value=\"2\" >2<\/option><option value=\"3\" >3<\/option><option value=\"4\" >4<\/option><option value=\"5\" >5<\/option><option value=\"6\" >6<\/option><option value=\"7\" >7<\/option><option value=\"8\" >8<\/option><option value=\"9\" >9<\/option><option value=\"10\" >10<\/option><option value=\"11\" >11<\/option><\/select>\r\n<span class=\"frm_time_sep\" aria-hidden=\"true\">:<\/span>\r\n<select aria-label=\"TIME OF ARRIVAL-DEPARTURE (REQUIRED) ... minute\" name=\"item_meta[17][m]\" id=\"field_46n2u_m\"  data-frmval=\"{&quot;H&quot;:&quot;&quot;,&quot;m&quot;:&quot;&quot;,&quot;A&quot;:&quot;&quot;,&quot;s&quot;:&quot;&quot;,&quot;ms&quot;:&quot;&quot;}\" data-reqmsg=\"TIME OF ARRIVAL-DEPARTURE (REQUIRED) no puede estar en blanco.\" aria-required=\"true\" data-invmsg=\"Hora no es v\u00e1lido\" class=\"auto_width frm_time_select auto_width frm_time_select auto_width\" aria-invalid=\"false\"  ><option value=\"\"  selected='selected'><\/option><option value=\"00\" >00<\/option><option value=\"01\" >01<\/option><option value=\"02\" >02<\/option><option value=\"03\" >03<\/option><option value=\"04\" >04<\/option><option value=\"05\" >05<\/option><option value=\"06\" >06<\/option><option value=\"07\" >07<\/option><option value=\"08\" >08<\/option><option value=\"09\" >09<\/option><option value=\"10\" >10<\/option><option value=\"11\" >11<\/option><option value=\"12\" >12<\/option><option value=\"13\" >13<\/option><option value=\"14\" >14<\/option><option value=\"15\" >15<\/option><option value=\"16\" >16<\/option><option value=\"17\" >17<\/option><option value=\"18\" >18<\/option><option value=\"19\" >19<\/option><option value=\"20\" >20<\/option><option value=\"21\" >21<\/option><option value=\"22\" >22<\/option><option value=\"23\" >23<\/option><option value=\"24\" >24<\/option><option value=\"25\" >25<\/option><option value=\"26\" >26<\/option><option value=\"27\" >27<\/option><option value=\"28\" >28<\/option><option value=\"29\" >29<\/option><option value=\"30\" >30<\/option><option value=\"31\" >31<\/option><option value=\"32\" >32<\/option><option value=\"33\" >33<\/option><option value=\"34\" >34<\/option><option value=\"35\" >35<\/option><option value=\"36\" >36<\/option><option value=\"37\" >37<\/option><option value=\"38\" >38<\/option><option value=\"39\" >39<\/option><option value=\"40\" >40<\/option><option value=\"41\" >41<\/option><option value=\"42\" >42<\/option><option value=\"43\" >43<\/option><option value=\"44\" >44<\/option><option value=\"45\" >45<\/option><option value=\"46\" >46<\/option><option value=\"47\" >47<\/option><option value=\"48\" >48<\/option><option value=\"49\" >49<\/option><option value=\"50\" >50<\/option><option value=\"51\" >51<\/option><option value=\"52\" >52<\/option><option value=\"53\" >53<\/option><option value=\"54\" >54<\/option><option value=\"55\" >55<\/option><option value=\"56\" >56<\/option><option value=\"57\" >57<\/option><option value=\"58\" >58<\/option><option value=\"59\" >59<\/option><\/select>\r\n<\/span>\r\n<select aria-label=\"TIME OF ARRIVAL-DEPARTURE (REQUIRED)\" name=\"item_meta[17][A]\" id=\"field_46n2u_A\"  data-frmval=\"{&quot;H&quot;:&quot;&quot;,&quot;m&quot;:&quot;&quot;,&quot;A&quot;:&quot;&quot;,&quot;s&quot;:&quot;&quot;,&quot;ms&quot;:&quot;&quot;}\" data-reqmsg=\"TIME OF ARRIVAL-DEPARTURE (REQUIRED) no puede estar en blanco.\" aria-required=\"true\" data-invmsg=\"Hora no es v\u00e1lido\" class=\"auto_width frm_time_select auto_width frm_time_select auto_width frm_time_select auto_width\" aria-invalid=\"false\"  ><option value=\"AM\" >AM<\/option><option value=\"PM\" >PM<\/option><\/select>\r\n<\/div>\r\n    \r\n    \r\n<\/div>\n<div id=\"frm_field_18_container\" class=\"frm_form_field form-field  frm_required_field frm_top_container\">\r\n    <label for=\"field_hciyl\" id=\"field_hciyl_label\" class=\"frm_primary_label\">FLIGHT NUMBER (REQUIRED)\r\n        <span class=\"frm_required\" aria-hidden=\"true\">*<\/span>\r\n    <\/label>\r\n    <input  type=\"text\" id=\"field_hciyl\" name=\"item_meta[18]\" value=\"\"  data-reqmsg=\"FLIGHT NUMBER (REQUIRED) no puede estar en blanco.\" aria-required=\"true\" data-invmsg=\"Texto no es v\u00e1lido\" aria-invalid=\"false\"   \/>\r\n    \r\n    \r\n<\/div>\n<div id=\"frm_field_19_container\" class=\"frm_form_field form-field  frm_required_field frm_top_container\">\r\n    <label for=\"field_x3cev\" id=\"field_x3cev_label\" class=\"frm_primary_label\">NUMBER OF PERSONS (REQUIRED)\r\n        <span class=\"frm_required\" aria-hidden=\"true\">*<\/span>\r\n    <\/label>\r\n    <input type=\"number\" id=\"field_x3cev\" name=\"item_meta[19]\" value=\"\" data-reqmsg=\"NUMBER OF PERSONS (REQUIRED) no puede estar en blanco.\" aria-required=\"true\" data-invmsg=\"N\u00famero no es v\u00e1lido\" aria-invalid=\"false\"   min=\"0\" max=\"9999999\" step=\"any\" \/>\r\n    \r\n    \r\n<\/div>\n<div id=\"frm_field_20_container\" class=\"frm_form_field form-field  frm_required_field frm_top_container\">\r\n    <label for=\"field_m4a81\" id=\"field_m4a81_label\" class=\"frm_primary_label\">AMOUNT OF LUGGAGE (REQUIRED)\r\n        <span class=\"frm_required\" aria-hidden=\"true\">*<\/span>\r\n    <\/label>\r\n    <input  type=\"text\" id=\"field_m4a81\" name=\"item_meta[20]\" value=\"\"  data-reqmsg=\"AMOUNT OF LUGGAGE (REQUIRED) no puede estar en blanco.\" aria-required=\"true\" data-invmsg=\"Texto no es v\u00e1lido\" aria-invalid=\"false\"   \/>\r\n    \r\n    \r\n<\/div>\n<div id=\"frm_field_21_container\" class=\"frm_form_field form-field  frm_top_container\">\r\n    <label for=\"field_5wwv4\" id=\"field_5wwv4_label\" class=\"frm_primary_label\">REMARKS\r\n        <span class=\"frm_required\" aria-hidden=\"true\"><\/span>\r\n    <\/label>\r\n    <textarea name=\"item_meta[21]\" id=\"field_5wwv4\" rows=\"5\"  data-invmsg=\"REMARKS no es v\u00e1lido\" aria-invalid=\"false\"  ><\/textarea>\r\n    \r\n    \r\n<\/div>\n<div id=\"frm_field_22_container\" class=\"frm_form_field form-field  frm_required_field frm_top_container vertical_radio\">\r\n    <div  id=\"field_t1hpo_label\" class=\"frm_primary_label\">\r\n        <span class=\"frm_required\" aria-hidden=\"true\">*<\/span>\r\n    <\/div>\r\n    <div class=\"frm_opt_container\" aria-labelledby=\"field_t1hpo_label\" role=\"group\">\t\t<div class=\"frm_checkbox\" id=\"frm_checkbox_22-0\">\t\t\t<label  for=\"field_t1hpo-0\">\n\t\t\t<input type=\"checkbox\" name=\"item_meta[22][]\" id=\"field_t1hpo-0\" value=\"I UNDERSTAND AND AGREE TO THIS &lt;a href=&quot;https:\/\/metoliva.com\/en\/privacy-policy\/&quot;&gt;Privacy Policy&lt;\/a&gt; BY TICKING THIS BOX. (REQUIRED)\"  data-reqmsg=\"This field no puede estar en blanco.\" data-invmsg=\"This field is invalid\"   aria-required=\"true\"  \/> I UNDERSTAND AND AGREE TO THIS <a href=\"https:\/\/metoliva.com\/en\/privacy-policy\/\">Privacy Policy<\/a> BY TICKING THIS BOX. (REQUIRED)<\/label><\/div>\n<\/div>\r\n    \r\n    \r\n<\/div>\n<div id=\"frm_field_23_container\" class=\"frm_form_field form-field  frm_required_field frm_top_container vertical_radio\">\r\n    <div  id=\"field_j4p04_label\" class=\"frm_primary_label\">\r\n        <span class=\"frm_required\" aria-hidden=\"true\">*<\/span>\r\n    <\/div>\r\n    <div class=\"frm_opt_container\" aria-labelledby=\"field_j4p04_label\" role=\"group\">\t\t<div class=\"frm_checkbox\" id=\"frm_checkbox_23-0\">\t\t\t<label  for=\"field_j4p04-0\">\n\t\t\t<input type=\"checkbox\" name=\"item_meta[23][]\" id=\"field_j4p04-0\" value=\"I consent to the use of my personal data to receive advertisements from your organization.\"  data-reqmsg=\"This field no puede estar en blanco.\" data-invmsg=\"This field is invalid\"   aria-required=\"true\"  \/> I consent to the use of my personal data to receive advertisements from your organization.<\/label><\/div>\n<\/div>\r\n    \r\n    \r\n<\/div>\n<div id=\"frm_field_40_container\" class=\"frm_form_field  frm_html_container form-field\">\n<table>\n<tbody>\n<tr>\n<td colspan=\"2\"><strong>INFORMACI\u00d3N B\u00c1SICA SOBRE PROTECCI\u00d3N DE DATOS<\/strong><\/td>\n<\/tr>\n<tr>\n<td><strong>Responsable del tratamiento<\/strong><\/td>\n<td>CENTRO ECUESTRE OLIVA NOVA, S.L<\/td>\n<\/tr>\n<tr>\n<td><strong>Direcci\u00f3n del responsable<\/strong><\/td>\n<td>Avda. Picasso 1, 46780 \u2013 Oliva (Valencia\/Val\u00e8ncia)<\/td>\n<\/tr>\n<tr>\n<td><strong>Finalidad<\/strong><\/td>\n<td>Sus datos ser\u00e1n usados para poder atender sus solicitudes y prestarle nuestros servicios.<\/td>\n<\/tr>\n<tr>\n<td><strong>Informaci\u00f3n de inter\u00e9s<\/strong><\/td>\n<td>\u00danicamente le enviaremos comunicaciones de su inter\u00e9s con su autorizaci\u00f3n previa, que podr\u00e1 facilitarnos mediante la casilla correspondiente establecida al efecto.<\/td>\n<\/tr>\n<tr>\n<td><strong>Legitimaci\u00f3n<\/strong><\/td>\n<td>\u00danicamente trataremos sus datos con su consentimiento previo, que podr\u00e1 facilitarnos mediante la casilla correspondiente establecida al efecto.<\/td>\n<\/tr>\n<tr>\n<td><strong>Destinatarios<\/strong><\/td>\n<td>Con car\u00e1cter general, s\u00f3lo el personal de nuestra entidad que est\u00e9 debidamente autorizado podr\u00e1 tener conocimiento de la informaci\u00f3n que le pedimos.<\/td>\n<\/tr>\n<tr>\n<td><strong>Derechos<\/strong><\/td>\n<td>Tiene derecho a saber qu\u00e9 informaci\u00f3n tenemos sobre usted, corregirla y eliminarla, tal y como se explica en la informaci\u00f3n adicional disponible en nuestra p\u00e1gina web.<\/td>\n<\/tr>\n<tr>\n<td><strong>Informaci\u00f3n adicional<\/strong><\/td>\n<td>M\u00e1s informaci\u00f3n en el apartado\u00a0<strong>\u201cPOL\u00cdTICA DE PRIVACIDAD\u201d<\/strong>\u00a0de nuestra p\u00e1gina web.<\/td>\n<\/tr>\n<\/tbody>\n<\/table>\n<\/div>\n<div id=\"frm_field_36_container\" class=\"frm_form_field form-field \">\n\t<div class=\"frm_submit\">\r\n\r\n<button class=\"frm_button_submit frm_final_submit\" type=\"submit\"   formnovalidate=\"formnovalidate\">Enviar<\/button>\r\n\r\n<\/div>\n<\/div>\n\t<input type=\"hidden\" name=\"item_key\" value=\"\" \/>\n\t\t\t<div id=\"frm_field_49_container\">\n\t\t\t<label for=\"field_i9f9e\" >\n\t\t\t\tIf you are human, leave this field blank.\t\t\t<\/label>\n\t\t\t<input  id=\"field_i9f9e\" type=\"text\" class=\"frm_form_field form-field frm_verify\" name=\"item_meta[49]\" value=\"\"  \/>\n\t\t<\/div>\n\t\t<input name=\"frm_state\" type=\"hidden\" value=\"Ll11Dq6Ne3aiOlhvbubQCWHyqAs\/elgqR0l32AAttnrkuVxA2H2oxvKdoPK7Zhlg\" \/><\/div>\n<\/fieldset>\n<\/div>\n\n<\/form>\n<\/div>\n<\/div><\/div>\n<br \/>\n          <\/div>\n<\/div>\n<\/div>\n<\/div>\n<\/div>\n\n","protected":false},"excerpt":{"rendered":"","protected":false},"author":1,"featured_media":0,"parent":0,"menu_order":0,"comment_status":"closed","ping_status":"closed","template":"","meta":{"footnotes":""},"class_list":["post-18328","page","type-page","status-publish","hentry"],"_links":{"self":[{"href":"https:\/\/metoliva.com\/en\/wp-json\/wp\/v2\/pages\/18328","targetHints":{"allow":["GET"]}}],"collection":[{"href":"https:\/\/metoliva.com\/en\/wp-json\/wp\/v2\/pages"}],"about":[{"href":"https:\/\/metoliva.com\/en\/wp-json\/wp\/v2\/types\/page"}],"author":[{"embeddable":true,"href":"https:\/\/metoliva.com\/en\/wp-json\/wp\/v2\/users\/1"}],"replies":[{"embeddable":true,"href":"https:\/\/metoliva.com\/en\/wp-json\/wp\/v2\/comments?post=18328"}],"version-history":[{"count":3,"href":"https:\/\/metoliva.com\/en\/wp-json\/wp\/v2\/pages\/18328\/revisions"}],"predecessor-version":[{"id":24844,"href":"https:\/\/metoliva.com\/en\/wp-json\/wp\/v2\/pages\/18328\/revisions\/24844"}],"wp:attachment":[{"href":"https:\/\/metoliva.com\/en\/wp-json\/wp\/v2\/media?parent=18328"}],"curies":[{"name":"wp","href":"https:\/\/api.w.org\/{rel}","templated":true}]}}